{"id":3440,"date":"2026-04-02T23:52:38","date_gmt":"2026-04-02T20:52:38","guid":{"rendered":"https:\/\/international.uaic.ro\/?page_id=3440"},"modified":"2026-04-03T00:02:22","modified_gmt":"2026-04-02T21:02:22","slug":"programul-erasmus-cu-tarile-participante-mobilitati-de-predare-incoming-pentru-personal-invitat-din-companii","status":"publish","type":"page","link":"https:\/\/international.uaic.ro\/?page_id=3440","title":{"rendered":"Programul Erasmus cu \u021b\u0103rile participante \u2013 mobilit\u0103\u0163i de predare incoming pentru personal invitat din companii"},"content":{"rendered":"\t\t<div data-elementor-type=\"wp-page\" data-elementor-id=\"3440\" class=\"elementor elementor-3440\">\n\t\t\t\t<div class=\"elementor-element elementor-element-f222e17 e-flex e-con-boxed e-con e-parent\" data-id=\"f222e17\" data-element_type=\"container\" data-e-type=\"container\">\n\t\t\t\t\t<div class=\"e-con-inner\">\n\t\t\t\t<div class=\"elementor-element elementor-element-577e19a elementor-widget elementor-widget-heading\" data-id=\"577e19a\" data-element_type=\"widget\" data-e-type=\"widget\" data-widget_type=\"heading.default\">\n\t\t\t\t<div class=\"elementor-widget-container\">\n\t\t\t\t\t<h2 class=\"elementor-heading-title elementor-size-default\">Programul Erasmus cu \u021b\u0103rile participante \u2013 mobilit\u0103\u0163i de predare incoming pentru personal invitat din companii<\/h2>\t\t\t\t<\/div>\n\t\t\t\t<\/div>\n\t\t\t\t<div class=\"elementor-element elementor-element-874779c elementor-widget elementor-widget-heading\" data-id=\"874779c\" data-element_type=\"widget\" data-e-type=\"widget\" data-widget_type=\"heading.default\">\n\t\t\t\t<div class=\"elementor-widget-container\">\n\t\t\t\t\t<h2 class=\"elementor-heading-title elementor-size-default\">Mobilit\u0103\u021bi de predare incoming 2024-2025<\/h2>\t\t\t\t<\/div>\n\t\t\t\t<\/div>\n\t\t\t\t<div class=\"elementor-element elementor-element-342c380 e-n-tabs-mobile elementor-widget elementor-widget-n-tabs\" data-id=\"342c380\" data-element_type=\"widget\" data-e-type=\"widget\" data-settings=\"{&quot;horizontal_scroll&quot;:&quot;disable&quot;}\" data-widget_type=\"nested-tabs.default\">\n\t\t\t\t<div class=\"elementor-widget-container\">\n\t\t\t\t\t\t\t<div class=\"e-n-tabs\" data-widget-number=\"54707072\" aria-label=\"File. Deschizi elementele cu tasta Enter sau Spa\u021biu, le \u00eenchizi cu Esc \u0219i navighezi folosind tastele s\u0103ge\u021bi.\">\n\t\t\t<div class=\"e-n-tabs-heading\" role=\"tablist\">\n\t\t\t\t\t<button id=\"e-n-tab-title-547070721\" data-tab-title-id=\"e-n-tab-title-547070721\" class=\"e-n-tab-title\" aria-selected=\"true\" data-tab-index=\"1\" role=\"tab\" tabindex=\"0\" aria-controls=\"e-n-tab-content-547070721\" style=\"--n-tabs-title-order: 1;\">\n\t\t\t\t\t\t<span class=\"e-n-tab-title-text\">\n\t\t\t\tReguli generale\t\t\t<\/span>\n\t\t<\/button>\n\t\t\t\t\t<\/div>\n\t\t\t<div class=\"e-n-tabs-content\">\n\t\t\t\t<div id=\"e-n-tab-content-547070721\" role=\"tabpanel\" aria-labelledby=\"e-n-tab-title-547070721\" data-tab-index=\"1\" style=\"--n-tabs-title-order: 1;\" class=\"e-active elementor-element elementor-element-17c6bf1 e-con-full e-flex e-con e-child\" data-id=\"17c6bf1\" data-element_type=\"container\" data-e-type=\"container\">\n\t\t\t\t<div class=\"elementor-element elementor-element-55e5639 elementor-widget elementor-widget-text-editor\" data-id=\"55e5639\" data-element_type=\"widget\" data-e-type=\"widget\" data-widget_type=\"text-editor.default\">\n\t\t\t\t<div class=\"elementor-widget-container\">\n\t\t\t\t\t\t\t\t\t<ul><li><strong><a href=\"https:\/\/www.uaic.ro\/wp-content\/uploads\/2025\/10\/SREI-Regulament-Erasmus-KA131_revizie-2025.pdf\">Regulament UAIC privind selec\u0163ia \u015fi organizarea mobilit\u0103\u0163ilor \u00een cadrul Programului ERASMUS+ KA131 \u2013 HED<\/a>\u00a0<\/strong><\/li><li><a href=\"https:\/\/www.uaic.ro\/wp-content\/uploads\/2025\/03\/Apel-mobilitati-de-predare-incoming-Erasmus-KA131-1.pdf\"><strong>Apel mobilit\u0103\u021bi de predare incoming Erasmus+ KA131<\/strong><\/a>\u00a0<strong>(valabil pentru anul academic 2024 \u2013 2025)<\/strong><\/li><li><a href=\"https:\/\/www.uaic.ro\/wp-content\/uploads\/2025\/03\/Mobility-Agreement-for-Teaching.docx\"><b>Mobility Agreement for Teaching<\/b><\/a><\/li><li>Mobilitate de predare (STA) \u2013 perioad\u0103 de timp petrecut\u0103 la UAIC, \u00een cadrul Programului Erasmus+\u00a0KA131-HED, \u00een scop de predare, de c\u0103tre un formator sau profesionist din orice companie, \u00eentreprindere sau\u00a0organiza\u021bie (cu excep\u021bia institu\u021biilor de \u00eenv\u0103\u021b\u0103m\u00e2nt superior care de\u021bin Cart\u0103 Erasmus+).<\/li><li>Participan\u021bi eligibili \u2013 Membri ai personalului din orice \u00eentreprindere din orice \u021bar\u0103 participant\u0103 la program (statele membre UE,\u00a0SEE \u2013 Norvegia, Islanda, Liechtenstein, Turcia, Macedonia de Nord \u0219i Serbia), care \u00ee\u0219i desf\u0103\u0219oar\u0103 activitatea\u00a0\u00eentr-o organiza\u021bie public\u0103 sau privat\u0103 care este activ\u0103 pe pia\u021ba muncii sau \u00een domeniile educa\u021biei, form\u0103rii,\u00a0tineretului, cercet\u0103rii \u0219i inov\u0103rii \u0219i care sunt invita\u021bi s\u0103 predea la UAIC.<\/li><li>Durata minim\u0103 a unei mobilit\u0103\u021bi de predare pentru personalul invitat din \u00eentreprinderi (STA) este de 1 zi\u00a0(excluz\u00e2nd timpul de c\u0103l\u0103torie) de mobilitate fizic\u0103, f\u0103r\u0103 un num\u0103r minim de ore de predare, iar durata\u00a0maxim\u0103 este de 2 luni (excluz\u00e2nd timpul de c\u0103l\u0103torie).<\/li><li><strong><a href=\"http:\/\/ec.europa.eu\/programmes\/erasmus-plus\/tools\/distance_en.htm?utm_source=ExisT+-+European+Volunteers%27+Newsletter&amp;utm_campaign=ec3710eb6b-ExisT+Newsletter+-+Maggio+2014&amp;utm_medium=email&amp;utm_term=0_f50d5476ea-ec3710eb6b-73540869\">Distance Calculator<\/a><\/strong><\/li><\/ul>\t\t\t\t\t\t\t\t<\/div>\n\t\t\t\t<\/div>\n\t\t\t\t<\/div>\n\t\t\t\t\t<\/div>\n\t\t<\/div>\n\t\t\t\t\t\t<\/div>\n\t\t\t\t<\/div>\n\t\t\t\t\t<\/div>\n\t\t\t\t<\/div>\n\t\t\t\t<\/div>\n\t\t","protected":false},"excerpt":{"rendered":"<p>Programul Erasmus cu \u021b\u0103rile participante \u2013 mobilit\u0103\u0163i de predare incoming pentru personal invitat din companii Mobilit\u0103\u021bi de predare incoming 2024-2025 Reguli generale Regulament UAIC privind selec\u0163ia \u015fi organizarea mobilit\u0103\u0163ilor \u00een cadrul Programului ERASMUS+ KA131 \u2013 HED\u00a0 Apel mobilit\u0103\u021bi de predare <a href=\"https:\/\/international.uaic.ro\/?page_id=3440\"> Read more&#8230;<\/a><\/p>\n","protected":false},"author":1,"featured_media":0,"parent":0,"menu_order":0,"comment_status":"closed","ping_status":"closed","template":"","meta":{"footnotes":""},"class_list":["post-3440","page","type-page","status-publish","hentry"],"_links":{"self":[{"href":"https:\/\/international.uaic.ro\/index.php?rest_route=\/wp\/v2\/pages\/3440","targetHints":{"allow":["GET"]}}],"collection":[{"href":"https:\/\/international.uaic.ro\/index.php?rest_route=\/wp\/v2\/pages"}],"about":[{"href":"https:\/\/international.uaic.ro\/index.php?rest_route=\/wp\/v2\/types\/page"}],"author":[{"embeddable":true,"href":"https:\/\/international.uaic.ro\/index.php?rest_route=\/wp\/v2\/users\/1"}],"replies":[{"embeddable":true,"href":"https:\/\/international.uaic.ro\/index.php?rest_route=%2Fwp%2Fv2%2Fcomments&post=3440"}],"version-history":[{"count":4,"href":"https:\/\/international.uaic.ro\/index.php?rest_route=\/wp\/v2\/pages\/3440\/revisions"}],"predecessor-version":[{"id":3448,"href":"https:\/\/international.uaic.ro\/index.php?rest_route=\/wp\/v2\/pages\/3440\/revisions\/3448"}],"wp:attachment":[{"href":"https:\/\/international.uaic.ro\/index.php?rest_route=%2Fwp%2Fv2%2Fmedia&parent=3440"}],"curies":[{"name":"wp","href":"https:\/\/api.w.org\/{rel}","templated":true}]}}