{"id":3228,"date":"2026-02-23T19:29:07","date_gmt":"2026-02-23T17:29:07","guid":{"rendered":"https:\/\/international.uaic.ro\/?page_id=3228"},"modified":"2026-03-01T22:50:30","modified_gmt":"2026-03-01T20:50:30","slug":"mobilitati-erasmus-la-intoarcere","status":"publish","type":"page","link":"https:\/\/international.uaic.ro\/?page_id=3228","title":{"rendered":"Mobilit\u0103\u0163i ERASMUS+ \u2013 la \u00eentoarcere"},"content":{"rendered":"\t\t<div data-elementor-type=\"wp-page\" data-elementor-id=\"3228\" class=\"elementor elementor-3228\">\n\t\t\t\t<div class=\"elementor-element elementor-element-d9c167b e-flex e-con-boxed e-con e-parent\" data-id=\"d9c167b\" data-element_type=\"container\" data-e-type=\"container\">\n\t\t\t\t\t<div class=\"e-con-inner\">\n\t\t\t\t<div class=\"elementor-element elementor-element-9073ddc elementor-widget elementor-widget-heading\" data-id=\"9073ddc\" data-element_type=\"widget\" data-e-type=\"widget\" data-widget_type=\"heading.default\">\n\t\t\t\t<div class=\"elementor-widget-container\">\n\t\t\t\t\t<h2 class=\"elementor-heading-title elementor-size-default\">Mobilit\u0103\u0163i ERASMUS+ \u2013 la \u00eentoarcere<\/h2>\t\t\t\t<\/div>\n\t\t\t\t<\/div>\n\t\t\t\t\t<\/div>\n\t\t\t\t<\/div>\n\t\t<div class=\"elementor-element elementor-element-fbf3a37 e-flex e-con-boxed e-con e-parent\" data-id=\"fbf3a37\" data-element_type=\"container\" data-e-type=\"container\" data-settings=\"{&quot;background_background&quot;:&quot;classic&quot;}\">\n\t\t\t\t\t<div class=\"e-con-inner\">\n\t\t\t\t<div class=\"elementor-element elementor-element-8360861 elementor-widget elementor-widget-text-editor\" data-id=\"8360861\" data-element_type=\"widget\" data-e-type=\"widget\" data-widget_type=\"text-editor.default\">\n\t\t\t\t<div class=\"elementor-widget-container\">\n\t\t\t\t\t\t\t\t\t<h2 class=\"entry-title fusion-responsive-typography-calculated\" data-fontsize=\"18\" data-lineheight=\"27px\"><strong>La revenirea din mobilitate \u2013 formalit\u0103\u021bi \u0219i documente<\/strong><\/h2><h3 class=\"fusion-responsive-typography-calculated\" data-fontsize=\"16\" data-lineheight=\"24px\">1. Mobilit\u0103\u0163i de studiu<\/h3><h3 class=\"fusion-responsive-typography-calculated\" data-fontsize=\"16\" data-lineheight=\"24px\">Documente de adus:<\/h3><ul><li><em>Acordul de formare profesional\u0103<\/em>\u00a0(<strong>\u201eLearning Agreement \u2013 Student Mobility for Studies\u201d<\/strong>) \u2013<strong>\u00a0<a href=\"https:\/\/www.uaic.ro\/wp-content\/uploads\/2022\/03\/Changes-to-the-learning-agreement_2022-002.doc\">modific\u0103ri Learning Agreement<\/a><\/strong>\u00a0semnat de tine \u0219i reprezentan\u021bii celor dou\u0103 universit\u0103\u021bi,\u00a0<em>\u00een cazul modific<\/em><em>\u0103<\/em><em>rii disciplinelor ini\u021bial aprobate prin Learning Agreement<\/em>\u00a0\u2013\u00a0<strong>copie<\/strong>. Modific\u0103rile se pot efectua \u00een\u00a0<u>termen de 5 s\u0103pt\u0103m\u00e2ni de la \u00eenceperea semestrului<\/u>.<\/li><li><strong><a href=\"https:\/\/www.uaic.ro\/wp-content\/uploads\/2024\/10\/Certificate-of-stay-1.doc\">Certificate of stay<\/a>\u00a0<em>(Certificatul de \u0219edere<\/em><\/strong><strong><em>)<\/em><\/strong>\u00a0emis de organiza\u021bia gazd\u0103 la finalul mobilit\u0103\u021bii de studiu care s\u0103 confirme \u00eendeplinirea programului de studiu \u0219i durata sa\u2013\u00a0<strong>\u00een original sau semnat digital cu o semn\u0103tur\u0103 electronic\u0103 certificat\u0103\/autorizat\u0103.\u00a0<\/strong>Documentele care prezint\u0103 modific\u0103ri, \u0219ters\u0103turi sau m\u00e2zg\u0103lituri vor fi considerate invalide si se vor solicita din nou documentele in original.\u00a0<strong>NU sunt acceptate certificate scanate \u0219i trimise ulterior pe email.<\/strong><\/li><\/ul><p><strong>ATEN\u021aIE!!!!! Perioada care va fi completat\u0103 de c\u0103tre reprezentan\u021bii universit\u0103\u021bii gazd\u0103 \u00een certificatul de \u0219edere corespunde cu perioada mobilit\u0103\u021bii la universitatea gazd\u0103. Documentul nu va fi completat cu datele c\u0103l\u0103toriei, ci strict cu perioada \u00een care studentul va fi prezent fizic la universitatea gazd\u0103. OBLIGATORIU va con\u021bine dat\u0103 de emitere (<em>date of issuance<\/em>\u00a0se completeaz\u0103 la finalul mobilit\u0103\u021bii).<\/strong><\/p><ul><li><a href=\"https:\/\/www.uaic.ro\/wp-content\/uploads\/2024\/10\/SMS-LUNGI-REVENIRE-Declara%C8%9Bie-pe-propria-r%C4%83spundere-pentru-evitarea-dublei-finan%C8%9B%C4%83ri-2.doc\"><strong>Declara\u021bia pe propria r\u0103spundere pentru evitarea dublei finan\u021b\u0103ri<\/strong><\/a>\u00a0\u2013<strong>\u00a0original<\/strong>;<\/li><li><strong><em>Documentele de transport interna\u021bional<\/em><\/strong>\u00a0(biletele dus-\u00eentors, inclusiv tichetele de \u00eembarcare \u2013 \u00een cazul transportului cu avionul) \u2013\u00a0<strong>original\u00a0<\/strong>sau<strong>\u00a0copie +\u00a0<em>contractul de cazare\/\u00eenchiriere<\/em>, \u00een cazul \u00een care nu se poate face dovada transportului.<\/strong><\/li><li><a href=\"https:\/\/docs.google.com\/forms\/d\/e\/1FAIpQLScGt2OhhIfoyZB2SzE6Cn_r5mdYszyCihRg5lLnm0dDFxseDg\/viewform?usp=header\"><strong>Feedback mobilitate de studiu Erasmus+ \u2013 Google Forms<\/strong><\/a><\/li><li><a href=\"https:\/\/www.uaic.ro\/wp-content\/uploads\/2025\/09\/Anexa-2-Cerere-de-echivalare-%C8%99i-recunoa%C8%99tere-studiu-1.docx\"><strong>Cerere de echivalare \u0219i recunoa\u0219tere academic\u0103\u00a0<\/strong><\/a><a href=\"https:\/\/www.uaic.ro\/wp-content\/uploads\/2018\/10\/Anexa-3-Cerere-de-echivalare-%C8%99i-recunoa%C8%99tere-academic%C4%83.docx\">(se depune la facultate \u00eempreun\u0103 cu TOR-ul)<\/a><\/li><li><a href=\"https:\/\/www.uaic.ro\/wp-content\/uploads\/2025\/09\/Anexa-4-Adeverinta-de-echivalare-%C8%99i-recunoa%C8%99tere-studiu.docx\"><strong>Adeverinta de echivalare \u0219i recunoa\u0219tere studiu<\/strong><\/a><\/li><\/ul><p><a href=\"https:\/\/www.uaic.ro\/wp-content\/uploads\/2025\/10\/SREI-Regulament-Erasmus-KA131_revizie-2025.pdf\"><strong>Regulament recunoa\u0219tere \u0219i echivalare ERASMUS studiu \u0219i practic\u0103<\/strong><\/a><\/p><h3 class=\"fusion-responsive-typography-calculated\" data-fontsize=\"16\" data-lineheight=\"24px\">2. Mobilit\u0103\u0163i de practic\u0103<\/h3><h3 class=\"fusion-responsive-typography-calculated\" data-fontsize=\"16\" data-lineheight=\"24px\">Documente de adus:<\/h3><p>1.<strong><a href=\"https:\/\/www.uaic.ro\/wp-content\/uploads\/2024\/11\/8.-CertificateofStaySMT-1.doc\">\u00a0Certificatul de \u0219edere:\u00a0<em>Certificate of Stay<\/em>\u00a0(formular)<\/a><\/strong><\/p><p>2.\u00a0<strong><a href=\"https:\/\/www.uaic.ro\/wp-content\/uploads\/2024\/11\/7.-Learning-agreement-After-the-mobility-Traineeship-1.docx\">Traineeship Certificate:\u00a0<em>Learning Agreement Student Mobility for Traineeships \u00a0\u2013 Sec\u021biunea AFTER THE MOBILITY\u00a0<\/em>(formular)<\/a><\/strong><\/p><p>3.\u00a0<strong><a href=\"https:\/\/www.uaic.ro\/wp-content\/uploads\/2024\/11\/declaratiedublafin_SMT-la-revenire-1.doc\">Declara\u0163ie pe propria raspundere de evitare a dublei finan\u0163\u0103ri<\/a>\u00a0<\/strong>(la revenirea din stagiu)<\/p><p>4. Documentele de transport interna\u0163ional (bilete dus-\u00eentors, tichete de \u00eembarcare, bonuri de benzin\u0103)<\/p><p>5.\u00a0<a href=\"https:\/\/docs.google.com\/forms\/d\/e\/1FAIpQLScGt2OhhIfoyZB2SzE6Cn_r5mdYszyCihRg5lLnm0dDFxseDg\/viewform?usp=header\"><strong>Feedback mobilitate Erasmus+ \u2013 Google Forms<\/strong><\/a><\/p><p><strong>Toate documentele se depun \u00een original<\/strong>\u00a0la Compartimentul ERASMUS+\u00a0<em><strong>\u00een termen de 10 zile lucr\u0103toare<\/strong>\u00a0<\/em>de la finalizarea stagiului de practic\u0103.<\/p><p>Imediat dup\u0103 revenirea \u00een \u021bar\u0103 ai obliga\u021bia de a depune\u00a0<a href=\"https:\/\/www.uaic.ro\/wp-content\/uploads\/2025\/09\/Anexa-3-Cerere-de-echivalare-%C8%99i-recunoasterea-practica.doc\"><strong><em>o cerere\u00a0<\/em><\/strong><strong><em>de recunoa\u0219tere \u0219i echivalare a mobilitatii de practic\u0103<\/em><\/strong><\/a>\u00a0efectuate, la secretariatul facult\u0103\u021bii la care e\u0219ti \u00eenscris, \u00eempreun\u0103 cu c\u00e2te o copie dup\u0103\u00a0<em>Certificate of Stay<\/em>\u00a0\u0219i\u00a0<em>Traineeship Certificate<\/em>.<\/p><p>Aten\u021bie!\u00a0Documentele care prezint\u0103 modific\u0103ri, \u0219ters\u0103turi sau\u00a0m\u00e2zg\u0103lituri vor fi considerate invalide\u00a0si se vor solicita din nou documentele in original. Pentru evitarea acestei situa\u021bii recomand\u0103m completarea documentelor \u00een format electronic.<\/p><p>Important!!!<\/p><p>La finalul mobilit\u0103\u0163ii, vei primi, prin e-mail, un\u00a0<em>chestionar de evaluare<\/em>\u00a0<em>a perioadei de stagiu<\/em>\u00a0\u00a0(<strong><a href=\"https:\/\/www.uaic.ro\/wp-content\/uploads\/2014\/01\/EP-KA1-HE-Traineeship_EN.pdf\" target=\"_blank\" rel=\"noopener noreferrer\">raport individual de mobilitate<\/a><\/strong>)\u00a0\u0219i o invita\u021bie de efectuare a\u00a0<em>testului final de limb\u0103<\/em>.\u00a0<em>Realizarea acestora reprezint\u0103 obliga\u021bie contractual\u0103!<\/em><\/p><p>De asemenea, recomand\u0103m s\u0103 \u00ee\u021bi p\u0103strezi c\u00e2te o copie dup\u0103 aceste documente pentru arhiva ta personal\u0103!<\/p>\t\t\t\t\t\t\t\t<\/div>\n\t\t\t\t<\/div>\n\t\t\t\t\t<\/div>\n\t\t\t\t<\/div>\n\t\t\t\t<\/div>\n\t\t","protected":false},"excerpt":{"rendered":"<p>Mobilit\u0103\u0163i ERASMUS+ \u2013 la \u00eentoarcere La revenirea din mobilitate \u2013 formalit\u0103\u021bi \u0219i documente 1. Mobilit\u0103\u0163i de studiu Documente de adus: Acordul de formare profesional\u0103\u00a0(\u201eLearning Agreement \u2013 Student Mobility for Studies\u201d) \u2013\u00a0modific\u0103ri Learning Agreement\u00a0semnat de tine \u0219i reprezentan\u021bii celor dou\u0103 universit\u0103\u021bi,\u00a0\u00een <a href=\"https:\/\/international.uaic.ro\/?page_id=3228\"> Read more&#8230;<\/a><\/p>\n","protected":false},"author":1,"featured_media":0,"parent":0,"menu_order":0,"comment_status":"closed","ping_status":"closed","template":"","meta":{"footnotes":""},"class_list":["post-3228","page","type-page","status-publish","hentry"],"_links":{"self":[{"href":"https:\/\/international.uaic.ro\/index.php?rest_route=\/wp\/v2\/pages\/3228","targetHints":{"allow":["GET"]}}],"collection":[{"href":"https:\/\/international.uaic.ro\/index.php?rest_route=\/wp\/v2\/pages"}],"about":[{"href":"https:\/\/international.uaic.ro\/index.php?rest_route=\/wp\/v2\/types\/page"}],"author":[{"embeddable":true,"href":"https:\/\/international.uaic.ro\/index.php?rest_route=\/wp\/v2\/users\/1"}],"replies":[{"embeddable":true,"href":"https:\/\/international.uaic.ro\/index.php?rest_route=%2Fwp%2Fv2%2Fcomments&post=3228"}],"version-history":[{"count":5,"href":"https:\/\/international.uaic.ro\/index.php?rest_route=\/wp\/v2\/pages\/3228\/revisions"}],"predecessor-version":[{"id":3249,"href":"https:\/\/international.uaic.ro\/index.php?rest_route=\/wp\/v2\/pages\/3228\/revisions\/3249"}],"wp:attachment":[{"href":"https:\/\/international.uaic.ro\/index.php?rest_route=%2Fwp%2Fv2%2Fmedia&parent=3228"}],"curies":[{"name":"wp","href":"https:\/\/api.w.org\/{rel}","templated":true}]}}