{"id":3118,"date":"2026-02-22T00:54:53","date_gmt":"2026-02-21T22:54:53","guid":{"rendered":"https:\/\/international.uaic.ro\/?page_id=3118"},"modified":"2026-02-22T01:04:40","modified_gmt":"2026-02-21T23:04:40","slug":"inainte-de-plecare","status":"publish","type":"page","link":"https:\/\/international.uaic.ro\/?page_id=3118","title":{"rendered":"\u00cenainte de plecare"},"content":{"rendered":"\t\t<div data-elementor-type=\"wp-page\" data-elementor-id=\"3118\" class=\"elementor elementor-3118\">\n\t\t\t\t<div class=\"elementor-element elementor-element-897e4d7 e-flex e-con-boxed e-con e-parent\" data-id=\"897e4d7\" data-element_type=\"container\" data-e-type=\"container\" data-settings=\"{&quot;background_background&quot;:&quot;classic&quot;}\">\n\t\t\t\t\t<div class=\"e-con-inner\">\n\t\t\t\t<div class=\"elementor-element elementor-element-8088dbe elementor-widget elementor-widget-heading\" data-id=\"8088dbe\" data-element_type=\"widget\" data-e-type=\"widget\" data-widget_type=\"heading.default\">\n\t\t\t\t<div class=\"elementor-widget-container\">\n\t\t\t\t\t<h2 class=\"elementor-heading-title elementor-size-default\">Mobilit\u0103\u021bi de studiu \u2013 \u00eenainte de plecare<\/h2>\t\t\t\t<\/div>\n\t\t\t\t<\/div>\n\t\t\t\t\t<\/div>\n\t\t\t\t<\/div>\n\t\t<div class=\"elementor-element elementor-element-958b38e e-flex e-con-boxed e-con e-parent\" data-id=\"958b38e\" data-element_type=\"container\" data-e-type=\"container\" data-settings=\"{&quot;background_background&quot;:&quot;classic&quot;}\">\n\t\t\t\t\t<div class=\"e-con-inner\">\n\t\t\t\t<div class=\"elementor-element elementor-element-77fe155 elementor-widget elementor-widget-text-editor\" data-id=\"77fe155\" data-element_type=\"widget\" data-e-type=\"widget\" data-widget_type=\"text-editor.default\">\n\t\t\t\t<div class=\"elementor-widget-container\">\n\t\t\t\t\t\t\t\t\t<h2 class=\"fusion-responsive-typography-calculated\" data-fontsize=\"18\" data-lineheight=\"27px\">Pa\u0219i de urmat \u00eenainte de plecarea \u00een mobilitate:<\/h2><p>1.\u00a0<strong>\u00censcrie-te on-line la universitatea gazd\u0103 \u2013 de consultat site-ul universit\u0103\u021bii gazd\u0103 pentru a te informa cu privire la documentele de completat \u015fi deadline-ul p\u00e2n\u0103 la care pot fi trimise.<\/strong><\/p><p>2.\u00a0<strong>Completeaz\u0103\u00a0<a href=\"https:\/\/www.uaic.ro\/wp-content\/uploads\/2023\/04\/Cerere-de-deplasare_aprobat_BECA_aprilie_2023.pdf\">cererea de deplasare<\/a><\/strong>\u00a0dup\u0103\u00a0<a href=\"https:\/\/www.uaic.ro\/wp-content\/uploads\/2023\/04\/Model_completare_cerere_deplasare_aprilie_2023-1.pdf\"><strong>modelul acesta<\/strong><\/a><strong>\u00a0\u0219i vino cu ea la Compartimentul Erasmus+. \u00ce\u021bi po\u021bi face o\u00a0<a href=\"https:\/\/calendar.google.com\/calendar\/u\/0\/appointments\/schedules\/AcZssZ0OL38cgHSc97ldni4RaUlikE50-NzqPHQ7R3MuARI-fKOG8tfv1hRtyjglBnr4fR4lMzLOCg1u\">programare<\/a>\u00a0\u00eenainte, pentru a nu fi nevoit s\u0103 a\u0219tep\u021bi la r\u00e2nd.<\/strong><\/p><p>\u00cenainte de ob\u021binerea primelor 3 semn\u0103turi de la facultate, te a\u0219tept\u0103m la Compartimentul Erasmus+ (dra. Andreea PURCARU), cu cel pu\u021bin 14 zile \u00eenainte de data plec\u0103rii, cu cererea de deplasare \u0219i documentele de mai jos completate, \u00een vederea calcul\u0103rii cuantumului bursei (totalul \u00een Euro):<\/p><p>a)\u00a0<strong>invita\u0163ie\/ accept\/ confirmare\/ email<\/strong>: original sau copie. \u00cen cazul e-mail-ului, vei depune un printscreen.<\/p><p>b)\u00a0<strong>Contractul de studii<\/strong>\u00a0\u2013\u00a0<a href=\"https:\/\/www.uaic.ro\/wp-content\/uploads\/2024\/10\/HE-Learning-agreement-studies-KA131-Digital-2.pdf\"><strong>On-line Learning agreement for studies<\/strong><\/a>\u00a0semnat de tine,\u00a0<strong><a href=\"https:\/\/www.uaic.ro\/wp-content\/uploads\/2025\/11\/Centralizator-coordonatori-Erasmus-SMS-SMP-STA_noiembrie-2025.pdf\">coordonatorul Erasmus+ al UAIC<\/a><\/strong>\u00a0\u0219i coordonatorul Erasmus+ al universit\u0103\u0163ii gazd\u0103: se semneaz\u0103 exclusiv on-line prin intermediul platformei OLA (<strong><a href=\"https:\/\/learning-agreement.eu\/\">https:\/\/learning-agreement.eu\/<\/a><\/strong>)<\/p><p>c)\u00a0<strong>Calendarul academic<\/strong>\u00a0(de consultat site-ul universit\u0103\u0163ii gazd\u0103): printscreen<\/p><p>d)<a href=\"https:\/\/www.uaic.ro\/wp-content\/uploads\/2024\/10\/SMS-LUNGI-INAINTE-Declaratie-Erasmus.doc\"><strong>\u00a0Declaratie Erasmus<\/strong><\/a>:\u00a0original<\/p><p>e)<strong>\u00a0<\/strong><strong><a href=\"https:\/\/www.uaic.ro\/wp-content\/uploads\/2023\/02\/Fisa_bursier_ERASMUS-3.doc\">Fi\u0219\u0103 student Erasmus<\/a><\/strong>: original<\/p><p>Toate documentele se depun la Compartimentul Erasmus+ cu cel pu\u021bin 10 zile\u00a0 \u00eenainte de \u00eenceperea mobilit\u0103\u021bii pentru a fi aprobate de conducerea universit\u0103\u021bii. \u00cen momentul depunerii contractului financiar la Compartimentul Erasmus+, trebuie s\u0103 ridici Ordinul Rectorului\/Dispozi\u021bia de deplasare.<\/p><p>3.\u00a0<strong>Completeaz\u0103 contractul financiar<\/strong>: vei primi contractul financiar prin e-mail numai dup\u0103 aprobarea cererii tip de deplasare \u00een str\u0103in\u0103tate \u0219i a documentelor men\u021bionate la pasul 2. Contractul financiar se completeaz\u0103 numai electronic \u0219i se printeaz\u0103 \u00een dou\u0103 exemplare.<\/p><p>Ulterior, te vei prezenta la Compartimentul Erasmus+ pentru semnarea contractului financiar (2 exemplare). Vei semna contractul financiar numai \u00een fa\u021ba reprezentantului Compartimentului Erasmus+. \u00cempreun\u0103 cu contractul, vei aduce \u0219i urm\u0103toarele documente: extras de cont in Euro, asigurare medical\u0103 de s\u0103n\u0103tate (card european sau oricare alt\u0103 asigurare privat\u0103 cu valabilitate pe toat\u0103 durata mobilit\u0103\u021bii), copie buletin.<\/p><p><strong>Contractul financiar completat \u0219i semnat, \u00eempreun\u0103 cu documentele \u00eenso\u021bitoare<\/strong>, este transmis responsabilului financiar Erasmus+ de la Serviciul Rela\u021bii Interna\u021bionale cu\u00a0<strong>minimum 5 zile lucr\u0103toare \u00eenainte de \u00eenceperea mobilit\u0103\u021bii.<\/strong><\/p><p>4.\u00a0<strong>Efectueaz\u0103 testare lingvistic\u0103<\/strong>\u00a0on-line (OLS) pe noua platform\u0103\u00a0<strong><a href=\"https:\/\/academy.europa.eu\/local\/euacademy\/pages\/course\/community-overview.php?title=learn-a-new-language\">EU Academy<\/a><\/strong>.<\/p><p>5.\u00a0<strong>Descarc\u0103 aplica\u021bia Erasmus+ App (<a href=\"https:\/\/erasmusapp.eu\/\">https:\/\/erasmusapp.eu\/<\/a>)<\/strong>.<\/p><p>6.\u00a0<strong>Cite\u0219te cu aten\u021bie informa\u021biile cuprinse \u00een Carta Studentului Erasmus<\/strong>.<\/p>\t\t\t\t\t\t\t\t<\/div>\n\t\t\t\t<\/div>\n\t\t\t\t\t<\/div>\n\t\t\t\t<\/div>\n\t\t\t\t<\/div>\n\t\t","protected":false},"excerpt":{"rendered":"<p>Mobilit\u0103\u021bi de studiu \u2013 \u00eenainte de plecare Pa\u0219i de urmat \u00eenainte de plecarea \u00een mobilitate: 1.\u00a0\u00censcrie-te on-line la universitatea gazd\u0103 \u2013 de consultat site-ul universit\u0103\u021bii gazd\u0103 pentru a te informa cu privire la documentele de completat \u015fi deadline-ul p\u00e2n\u0103 la <a href=\"https:\/\/international.uaic.ro\/?page_id=3118\"> Read more&#8230;<\/a><\/p>\n","protected":false},"author":1,"featured_media":0,"parent":0,"menu_order":0,"comment_status":"closed","ping_status":"closed","template":"","meta":{"footnotes":""},"class_list":["post-3118","page","type-page","status-publish","hentry"],"_links":{"self":[{"href":"https:\/\/international.uaic.ro\/index.php?rest_route=\/wp\/v2\/pages\/3118","targetHints":{"allow":["GET"]}}],"collection":[{"href":"https:\/\/international.uaic.ro\/index.php?rest_route=\/wp\/v2\/pages"}],"about":[{"href":"https:\/\/international.uaic.ro\/index.php?rest_route=\/wp\/v2\/types\/page"}],"author":[{"embeddable":true,"href":"https:\/\/international.uaic.ro\/index.php?rest_route=\/wp\/v2\/users\/1"}],"replies":[{"embeddable":true,"href":"https:\/\/international.uaic.ro\/index.php?rest_route=%2Fwp%2Fv2%2Fcomments&post=3118"}],"version-history":[{"count":7,"href":"https:\/\/international.uaic.ro\/index.php?rest_route=\/wp\/v2\/pages\/3118\/revisions"}],"predecessor-version":[{"id":3134,"href":"https:\/\/international.uaic.ro\/index.php?rest_route=\/wp\/v2\/pages\/3118\/revisions\/3134"}],"wp:attachment":[{"href":"https:\/\/international.uaic.ro\/index.php?rest_route=%2Fwp%2Fv2%2Fmedia&parent=3118"}],"curies":[{"name":"wp","href":"https:\/\/api.w.org\/{rel}","templated":true}]}}