{"id":3006,"date":"2026-02-04T22:43:11","date_gmt":"2026-02-04T20:43:11","guid":{"rendered":"https:\/\/international.uaic.ro\/?page_id=3006"},"modified":"2026-03-16T22:21:32","modified_gmt":"2026-03-16T20:21:32","slug":"formalitati-de-deplasare-in-strainatate-2","status":"publish","type":"page","link":"https:\/\/international.uaic.ro\/?page_id=3006","title":{"rendered":"Formalit\u0103\u021bi de deplasare \u00een str\u0103in\u0103tate"},"content":{"rendered":"\t\t<div data-elementor-type=\"wp-page\" data-elementor-id=\"3006\" class=\"elementor elementor-3006\">\n\t\t\t\t<div class=\"elementor-element elementor-element-f4c405c e-flex e-con-boxed e-con e-parent\" data-id=\"f4c405c\" data-element_type=\"container\" data-e-type=\"container\">\n\t\t\t\t\t<div class=\"e-con-inner\">\n\t\t\t\t<div class=\"elementor-element elementor-element-7a7548e elementor-widget elementor-widget-heading\" data-id=\"7a7548e\" data-element_type=\"widget\" data-e-type=\"widget\" data-widget_type=\"heading.default\">\n\t\t\t\t<div class=\"elementor-widget-container\">\n\t\t\t\t\t<h2 class=\"elementor-heading-title elementor-size-default\">Formalit\u0103\u021bi de deplasare \u00een str\u0103in\u0103tate<\/h2>\t\t\t\t<\/div>\n\t\t\t\t<\/div>\n\t\t\t\t<div class=\"elementor-element elementor-element-9ff1760 elementor-widget elementor-widget-text-editor\" data-id=\"9ff1760\" data-element_type=\"widget\" data-e-type=\"widget\" data-widget_type=\"text-editor.default\">\n\t\t\t\t<div class=\"elementor-widget-container\">\n\t\t\t\t\t\t\t\t\t<h4 id=\"HFormalitC483C5A3idedeplasareC3AEnstrC483inC483tate\" class=\"fusion-responsive-typography-calculated\" style=\"text-align: center;\" data-fontsize=\"18\" data-lineheight=\"27px\">Aici g\u0103si\u021bi\u00a0<a href=\"https:\/\/www.uaic.ro\/wp-content\/uploads\/2023\/03\/formular-cerere-de-deplasare.pdf\"><strong>cererea tip pentru emiterea dispozi\u0163iei rectorului pentru deplas\u0103rile \u00een str\u0103in\u0103tate<\/strong><\/a>,\u00a0<a href=\"https:\/\/www.uaic.ro\/wp-content\/uploads\/2025\/07\/Raport-de-mobilitate-deplasare-externa-1.docx\">formularul\u00a0raportului de mobilitate<\/a>, c\u00e2t \u0219i\u00a0<a href=\"http:\/\/www.uaic.ro\/wp-content\/uploads\/2014\/01\/ETAPEIACTENECESAREELIBERRIIDISPOZIIEIRECTORULUIaprilie2012.pdf\" target=\"_blank\" rel=\"noopener noreferrer\"><strong>regulamentul privind deplas\u0103rile \u00een str\u0103in\u0103tate<\/strong><\/a>.<\/h4><h5>Cererea tip pentru emiterea dispozi\u0163iei rectorului pentru deplas\u0103rile \u00een str\u0103in\u0103tate trebuie completat\u0103 de c\u0103tre\u00a0toate cadrele didactice, studen\u0163ii \u015fi personalul din administra\u0163ia universitar\u0103 care se deplaseaz\u0103 \u00een str\u0103in\u0103tate \u00een interes profesional. UAIC elibereaz\u0103 acest tip de document numai pentru cadrele didactice, studen\u0163ii cu frecven\u0163\u0103 \u015fi angaja\u0163ii s\u0103i (nu se emit dispozi\u0163ii studen\u0163ilor \/ doctoranzilor f\u0103r\u0103 frecven\u0163\u0103). Cererea este obligatoriu \u00eenso\u0163it\u0103 de o copie dup\u0103 invita\u0163ia oficial\u0103, care s\u0103 certifice durata deplas\u0103rii. V\u0103 rug\u0103m s\u0103 citi\u0163i cu aten\u0163ie toate informa\u0163iile de pe pagina a 2-a a cererii.<\/h5>\t\t\t\t\t\t\t\t<\/div>\n\t\t\t\t<\/div>\n\t\t\t\t\t<\/div>\n\t\t\t\t<\/div>\n\t\t\t\t<\/div>\n\t\t","protected":false},"excerpt":{"rendered":"<p>Formalit\u0103\u021bi de deplasare \u00een str\u0103in\u0103tate Aici g\u0103si\u021bi\u00a0cererea tip pentru emiterea dispozi\u0163iei rectorului pentru deplas\u0103rile \u00een str\u0103in\u0103tate,\u00a0formularul\u00a0raportului de mobilitate, c\u00e2t \u0219i\u00a0regulamentul privind deplas\u0103rile \u00een str\u0103in\u0103tate. Cererea tip pentru emiterea dispozi\u0163iei rectorului pentru deplas\u0103rile \u00een str\u0103in\u0103tate trebuie completat\u0103 de c\u0103tre\u00a0toate cadrele didactice, <a href=\"https:\/\/international.uaic.ro\/?page_id=3006\"> Read more&#8230;<\/a><\/p>\n","protected":false},"author":1,"featured_media":0,"parent":1603,"menu_order":0,"comment_status":"closed","ping_status":"closed","template":"template-full-width-page-builder.php","meta":{"footnotes":""},"class_list":["post-3006","page","type-page","status-publish","hentry"],"_links":{"self":[{"href":"https:\/\/international.uaic.ro\/index.php?rest_route=\/wp\/v2\/pages\/3006","targetHints":{"allow":["GET"]}}],"collection":[{"href":"https:\/\/international.uaic.ro\/index.php?rest_route=\/wp\/v2\/pages"}],"about":[{"href":"https:\/\/international.uaic.ro\/index.php?rest_route=\/wp\/v2\/types\/page"}],"author":[{"embeddable":true,"href":"https:\/\/international.uaic.ro\/index.php?rest_route=\/wp\/v2\/users\/1"}],"replies":[{"embeddable":true,"href":"https:\/\/international.uaic.ro\/index.php?rest_route=%2Fwp%2Fv2%2Fcomments&post=3006"}],"version-history":[{"count":22,"href":"https:\/\/international.uaic.ro\/index.php?rest_route=\/wp\/v2\/pages\/3006\/revisions"}],"predecessor-version":[{"id":3291,"href":"https:\/\/international.uaic.ro\/index.php?rest_route=\/wp\/v2\/pages\/3006\/revisions\/3291"}],"up":[{"embeddable":true,"href":"https:\/\/international.uaic.ro\/index.php?rest_route=\/wp\/v2\/pages\/1603"}],"wp:attachment":[{"href":"https:\/\/international.uaic.ro\/index.php?rest_route=%2Fwp%2Fv2%2Fmedia&parent=3006"}],"curies":[{"name":"wp","href":"https:\/\/api.w.org\/{rel}","templated":true}]}}