{"id":2899,"date":"2025-06-18T15:39:42","date_gmt":"2025-06-18T12:39:42","guid":{"rendered":"https:\/\/international.uaic.ro\/?page_id=2899"},"modified":"2025-06-18T15:44:35","modified_gmt":"2025-06-18T12:44:35","slug":"srei-uaic","status":"publish","type":"page","link":"https:\/\/international.uaic.ro\/?page_id=2899","title":{"rendered":"Serviciul Rela\u021bii Interna\u021bionale &#8211; UAIC"},"content":{"rendered":"\n<p class=\"has-text-align-left has-text-color has-link-color has-medium-font-size wp-elements-c3e917a73bb3e702546c2acce8e7d1cf\" style=\"color:#054164;padding-top:var(--wp--preset--spacing--20);padding-bottom:var(--wp--preset--spacing--20)\"><a href=\"https:\/\/international.uaic.ro\/category\/achizitii-directe\/\"><strong>ACHIZI\u021aII DIRECTE<\/strong><\/a><\/p>\n\n\n<div class=\"pt-cv-wrapper\"><div class=\"pt-cv-view pt-cv-collapsible\" id=\"pt-cv-view-674a35bzln\"><div data-id=\"pt-cv-page-1\" class=\"pt-cv-page\" data-cvc=\"1\"><div class=\"panel-group\" id=\"84e8998grk\"><div class=\"panel panel-default pt-cv-content-item pt-cv-1-col\" >\r\n<div class=\"panel-heading pt-cv-title\">\r\n    <a class=\"panel-title\" data-toggle=\"cvcollapse\" data-parent=\"#84e8998grk\" data-target=\"#b177c260bs\" href='https:\/\/international.uaic.ro\/?p=2669' onclick='event.preventDefault()'>\r\n\t\tAchizitie abonament Canva for Teams\t<\/a>\r\n\t<\/div>\r\n<div id=\"b177c260bs\" class=\"panel-collapse collapse in\">\r\n\t<div class=\"panel-body\">\r\n\t\t<div class=\"pt-cv-content\">Universitatea \u201dAlexandru Ioan Cuza\u201d din Ia\u0219i achizi\u021bioneaz\u0103 prin cump\u0103rare direct\u0103 abonament Canva for Teams, conform solicit\u0103rii de ofert\u0103 de mai jos: Solicitare oferta Abonament Canva &#8230;<br \/><div class=\"pt-cv-rmwrap\"><a href=\"https:\/\/international.uaic.ro\/?p=2669\" class=\"_self pt-cv-readmore btn btn-success\" target=\"_self\">Mai multe detalii<\/a><\/div><\/div>\t<\/div>\r\n<\/div><\/div>\n<div class=\"panel panel-default pt-cv-content-item pt-cv-1-col\" >\r\n<div class=\"panel-heading pt-cv-title\">\r\n    <a class=\"panel-title\" data-toggle=\"cvcollapse\" data-parent=\"#84e8998grk\" data-target=\"#205d76c6kh\" href='https:\/\/international.uaic.ro\/?p=2665' onclick='event.preventDefault()'>\r\n\t\tAchizitie servicii de mentenanta si reparatii la instalatii de climatizare\t<\/a>\r\n\t<\/div>\r\n<div id=\"205d76c6kh\" class=\"panel-collapse collapse \">\r\n\t<div class=\"panel-body\">\r\n\t\t<div class=\"pt-cv-content\">Universitatea Alexandru Ioan Cuza din Iasi achizitioneaza prin cumparare directa servicii de mentenanta instalatii climatizare, conform detaliilor din solicitarea de mai jos: Solicitare oferta specificatii tehnice 2025 &#8230;<br \/><div class=\"pt-cv-rmwrap\"><a href=\"https:\/\/international.uaic.ro\/?p=2665\" class=\"_self pt-cv-readmore btn btn-success\" target=\"_self\">Mai multe detalii<\/a><\/div><\/div>\t<\/div>\r\n<\/div><\/div>\n<div class=\"panel panel-default pt-cv-content-item pt-cv-1-col\" >\r\n<div class=\"panel-heading pt-cv-title\">\r\n    <a class=\"panel-title\" data-toggle=\"cvcollapse\" data-parent=\"#84e8998grk\" data-target=\"#b88815en0b\" href='https:\/\/international.uaic.ro\/?p=2646' onclick='event.preventDefault()'>\r\n\t\tAchizi\u021bie Echipamente PSI UAIC\t<\/a>\r\n\t<\/div>\r\n<div id=\"b88815en0b\" class=\"panel-collapse collapse \">\r\n\t<div class=\"panel-body\">\r\n\t\t<div class=\"pt-cv-content\">Universitatea \u201dAlexandru Ioan Cuza\u201d din Ia\u0219i achizi\u021bioneaz\u0103 prin cump\u0103rare direct\u0103 Echipamente PSI UAIC, conform cerin\u021belor de mai jos: solicitare oferte \u2013 Echipamente PSI UAIC\u00a0. Data limit\u0103 de depunere a ofertelor: &#8230;<br \/><div class=\"pt-cv-rmwrap\"><a href=\"https:\/\/international.uaic.ro\/?p=2646\" class=\"_self pt-cv-readmore btn btn-success\" target=\"_self\">Mai multe detalii<\/a><\/div><\/div>\t<\/div>\r\n<\/div><\/div>\n<div class=\"panel panel-default pt-cv-content-item pt-cv-1-col\" >\r\n<div class=\"panel-heading pt-cv-title\">\r\n    <a class=\"panel-title\" data-toggle=\"cvcollapse\" data-parent=\"#84e8998grk\" data-target=\"#9d19bf8ler\" href='https:\/\/international.uaic.ro\/?p=2644' onclick='event.preventDefault()'>\r\n\t\tLicita\u0163ie public\u0103 cu strigare \u00een vederea \u00eenchirierii a 21 mp pentru instalarea a 21 automate de cafea\t<\/a>\r\n\t<\/div>\r\n<div id=\"9d19bf8ler\" class=\"panel-collapse collapse \">\r\n\t<div class=\"panel-body\">\r\n\t\t<div class=\"pt-cv-content\">Universitatea \u201eAlexandru Ioan Cuza\u201d din Ia\u015fi organizeaz\u0103, \u00een data de 03.11.2023, ora 10.00, la sediul institu\u0163iei, situat \u00een B-dul Carol I nr.11, Rectorat \u2013 Sala Senat, licita\u0163ie public\u0103 cu strigare &#8230;<br \/><div class=\"pt-cv-rmwrap\"><a href=\"https:\/\/international.uaic.ro\/?p=2644\" class=\"_self pt-cv-readmore btn btn-success\" target=\"_self\">Mai multe detalii<\/a><\/div><\/div>\t<\/div>\r\n<\/div><\/div><\/div><\/div><\/div><\/div>\n\n\n<p class=\"has-text-color has-link-color has-medium-font-size wp-elements-1912371211b51bd40f9edf71e8e6f177\" style=\"color:#054164;padding-top:0;padding-bottom:0\"><a href=\"https:\/\/international.uaic.ro\/category\/proceduri-simplificate-proprii\/\"><strong>PROCEDURI PROPRII<\/strong><\/a><\/p>\n\n\n<div class=\"pt-cv-wrapper\"><div class=\"pt-cv-view pt-cv-collapsible\" id=\"pt-cv-view-ba6daa0px4\"><div data-id=\"pt-cv-page-1\" class=\"pt-cv-page\" data-cvc=\"1\"><div class=\"panel-group\" id=\"8f51578ovt\"><div class=\"panel panel-default pt-cv-content-item pt-cv-1-col\" >\r\n<div class=\"panel-heading pt-cv-title\">\r\n    <a class=\"panel-title\" data-toggle=\"cvcollapse\" data-parent=\"#8f51578ovt\" data-target=\"#985f8adrjl\" href='https:\/\/international.uaic.ro\/?p=2650' onclick='event.preventDefault()'>\r\n\t\tAchizi\u021bie Servicii de organizare conferin\u021b\u0103\/ program leadership\t<\/a>\r\n\t<\/div>\r\n<div id=\"985f8adrjl\" class=\"panel-collapse collapse in\">\r\n\t<div class=\"panel-body\">\r\n\t\t<div class=\"pt-cv-content\">Universitatea \u201dAlexandru Ioan Cuza\u201d din Ia\u0219i achizi\u021bioneaz\u0103 Servicii organizare Conferin\u021b\u0103\/program leadership \u201eBecoming a leader\u201d \u00een perioada 16-21 februarie 2025, conform detaliilor din Invita\u021bia de participare de mai jos: Invitatie de &#8230;<br \/><div class=\"pt-cv-rmwrap\"><a href=\"https:\/\/international.uaic.ro\/?p=2650\" class=\"_self pt-cv-readmore btn btn-success\" target=\"_self\">Mai multe detalii<\/a><\/div><\/div>\t<\/div>\r\n<\/div><\/div>\n<div class=\"panel panel-default pt-cv-content-item pt-cv-1-col\" >\r\n<div class=\"panel-heading pt-cv-title\">\r\n    <a class=\"panel-title\" data-toggle=\"cvcollapse\" data-parent=\"#8f51578ovt\" data-target=\"#000127ah79\" href='https:\/\/international.uaic.ro\/?p=2648' onclick='event.preventDefault()'>\r\n\t\tAchizi\u021bie Servicii de proiectare (faza D.A.L.I)\t<\/a>\r\n\t<\/div>\r\n<div id=\"000127ah79\" class=\"panel-collapse collapse \">\r\n\t<div class=\"panel-body\">\r\n\t\t<div class=\"pt-cv-content\">Universitatea \u201eAlexandru Ioan Cuza\u201d din Ia\u0219i organizeaz\u0103 Procedura Simplificata pentru Servicii de proiectare (faza D.A.L.I.) pentru obiectivele de investi\u021bii \u201cConsolidare \u0219i extindere cl\u0103dire C1 (CF 174064), Strada Teodor Codrescu nr &#8230;<br \/><div class=\"pt-cv-rmwrap\"><a href=\"https:\/\/international.uaic.ro\/?p=2648\" class=\"_self pt-cv-readmore btn btn-success\" target=\"_self\">Mai multe detalii<\/a><\/div><\/div>\t<\/div>\r\n<\/div><\/div><\/div><\/div><\/div><\/div>","protected":false},"excerpt":{"rendered":"<p>ACHIZI\u021aII DIRECTE PROCEDURI PROPRII<\/p>\n","protected":false},"author":1,"featured_media":0,"parent":0,"menu_order":0,"comment_status":"closed","ping_status":"closed","template":"","meta":{"footnotes":""},"class_list":["post-2899","page","type-page","status-publish","hentry"],"_links":{"self":[{"href":"https:\/\/international.uaic.ro\/index.php?rest_route=\/wp\/v2\/pages\/2899","targetHints":{"allow":["GET"]}}],"collection":[{"href":"https:\/\/international.uaic.ro\/index.php?rest_route=\/wp\/v2\/pages"}],"about":[{"href":"https:\/\/international.uaic.ro\/index.php?rest_route=\/wp\/v2\/types\/page"}],"author":[{"embeddable":true,"href":"https:\/\/international.uaic.ro\/index.php?rest_route=\/wp\/v2\/users\/1"}],"replies":[{"embeddable":true,"href":"https:\/\/international.uaic.ro\/index.php?rest_route=%2Fwp%2Fv2%2Fcomments&post=2899"}],"version-history":[{"count":3,"href":"https:\/\/international.uaic.ro\/index.php?rest_route=\/wp\/v2\/pages\/2899\/revisions"}],"predecessor-version":[{"id":3576,"href":"https:\/\/international.uaic.ro\/index.php?rest_route=\/wp\/v2\/pages\/2899\/revisions\/3576"}],"wp:attachment":[{"href":"https:\/\/international.uaic.ro\/index.php?rest_route=%2Fwp%2Fv2%2Fmedia&parent=2899"}],"curies":[{"name":"wp","href":"https:\/\/api.w.org\/{rel}","templated":true}]}}