{"id":2849,"date":"2025-05-29T10:16:56","date_gmt":"2025-05-29T07:16:56","guid":{"rendered":"https:\/\/international.uaic.ro\/?page_id=2849"},"modified":"2026-04-25T12:36:02","modified_gmt":"2026-04-25T09:36:02","slug":"admiterea-cetatenilor-straini","status":"publish","type":"page","link":"https:\/\/international.uaic.ro\/?page_id=2849","title":{"rendered":"Admiterea cet\u0103\u021benilor str\u0103ini"},"content":{"rendered":"\t\t<div data-elementor-type=\"wp-page\" data-elementor-id=\"2849\" class=\"elementor elementor-2849\">\n\t\t\t\t<div class=\"elementor-element elementor-element-bcf0959 e-flex e-con-boxed e-con e-parent\" data-id=\"bcf0959\" data-element_type=\"container\" data-e-type=\"container\">\n\t\t\t\t\t<div class=\"e-con-inner\">\n\t\t\t\t<div class=\"elementor-element elementor-element-5c542d3 elementor-widget elementor-widget-html\" data-id=\"5c542d3\" data-element_type=\"widget\" data-e-type=\"widget\" data-widget_type=\"html.default\">\n\t\t\t\t<div class=\"elementor-widget-container\">\n\t\t\t\t\t<style>\r\n\/* Aceasta parte nu se va vedea pe site, dar va da stil textului tau *\/\r\n.box-albastru-titlu {\r\n    background: #0d4a7c;\r\n    color: #ffffff !important;\r\n    padding: 25px;\r\n    display: flex;             \/* Activeaz\u0103 centrarea modern\u0103 *\/\r\n    justify-content: center;   \/* Centreaz\u0103 pe orizontal\u0103 *\/\r\n    align-items: center;       \/* Centreaz\u0103 pe vertical\u0103 *\/\r\n    text-align: center;\r\n    border-radius: 5px;\r\n    border-bottom: 5px solid #00c3ff;\r\n    margin-bottom: 20px;\r\n    min-height: 80px;          \/* Op\u021bional: \u00eei d\u0103 o \u00een\u0103l\u021bime minim\u0103 dr\u0103gu\u021b\u0103 *\/\r\n}\r\n\r\n.box-albastru-titlu h1, \r\n.box-albastru-titlu h2 { \r\n    color: white !important; \r\n    margin: 0 !important;      \/* Elimin\u0103 marginile automate care pot strica centrarea *\/\r\n    width: 100%;\r\n}\r\n\r\n.zona-text-editabila {\r\n    background-color: #fcfcfc;\r\n    border-left: 6px solid #0d4a7c;\r\n    padding: 25px;\r\n    font-family: Arial, sans-serif;\r\n    line-height: 1.6;\r\n    color: #333;\r\n    box-shadow: 0 2px 5px rgba(0,0,0,0.1);\r\n}\r\n.zona-text-editabila a { color: #0056b3; font-weight: bold; text-decoration: underline; }\r\n\r\n\r\n<\/style>\r\n\t\t\t\t<\/div>\n\t\t\t\t<\/div>\n\t\t\t\t\t<\/div>\n\t\t\t\t<\/div>\n\t\t<div class=\"elementor-element elementor-element-9b9f33f e-flex e-con-boxed e-con e-parent\" data-id=\"9b9f33f\" data-element_type=\"container\" data-e-type=\"container\">\n\t\t\t\t\t<div class=\"e-con-inner\">\n\t\t\t\t<div class=\"elementor-element elementor-element-13329d4 box-albastru-titlu premium-title-color elementor-widget elementor-widget-premium-addon-title\" data-id=\"13329d4\" data-element_type=\"widget\" data-e-type=\"widget\" data-widget_type=\"premium-addon-title.default\">\n\t\t\t\t<div class=\"elementor-widget-container\">\n\t\t\t\t\t\r\n\t\t<div class=\"premium-title-container style1\">\r\n\t\t\t<h2 class=\"premium-title-header premium-title-style1\">\r\n\t\t\t\t\r\n\t\t\t\t\r\n\t\t\t\t\t\t\t\t\t\t\t\t<span class=\"premium-title-text\">\r\n\t\t\t\t\tAdmiterea cet\u0103\u021benilor str\u0103ini\t\t\t\t<\/span>\r\n\t\t\t\t\t\r\n\t\t\t\t\t\t\t\t\r\n\t\t\t\t\t\t\t<\/h2>\r\n\r\n\t\t<\/div>\r\n\r\n\t\t\t\t\t\t<\/div>\n\t\t\t\t<\/div>\n\t\t\t\t\t<\/div>\n\t\t\t\t<\/div>\n\t\t<div class=\"elementor-element elementor-element-42a6338 e-flex e-con-boxed e-con e-parent\" data-id=\"42a6338\" data-element_type=\"container\" data-e-type=\"container\">\n\t\t\t\t\t<div class=\"e-con-inner\">\n\t\t\t\t<div class=\"elementor-element elementor-element-814399a zona-text-editabila elementor-widget elementor-widget-text-editor\" data-id=\"814399a\" data-element_type=\"widget\" data-e-type=\"widget\" data-widget_type=\"text-editor.default\">\n\t\t\t\t<div class=\"elementor-widget-container\">\n\t\t\t\t\t\t\t\t\t<div class=\"zona-text-editabila\">\n<p>Admiterea la studii la Universitatea \u201eAlexandru Ioan Cuza\u201d a cet\u0103\u021benilor str\u0103ini se face conform <strong><a href=\"https:\/\/international.uaic.ro\/wp-content\/uploads\/2026\/04\/Metodologie-din-2024-privind-admiterea-studentilor-straini.pdf\">Metodologiei<\/a><\/strong>.<\/p>\n<ul>\n<li>Cet\u0103\u021benii UE \u0219i cet\u0103\u021benii rom\u00e2ni care au studiat \u00een str\u0103in\u0103tate pot fi admi\u0219i la studii \u00een acelea\u0219i condi\u021bii cu cet\u0103\u021benii rom\u00e2ni, cu condi\u021bia recunoa\u0219terii studiilor urmate \u00een str\u0103in\u0103tate de c\u0103tre <strong><a href=\"https:\/\/cnred.edu.ro\/\">Centrul Na\u021bional de Recunoa\u0219tere \u0219i Echivalare a Diplomelor<\/a><\/strong>.<\/li>\n<li>Detaliile privind admiterea cet\u0103\u021benilor str\u0103ini (UE \u0219i non-UE) precum \u0219i a cet\u0103\u021benilor rom\u00e2ni care au studiat \u00een str\u0103in\u0103tate se reg\u0103sesc aici: <a href=\"https:\/\/www.uaic.ro\/en\/international\/international_students\/full-degree-students\/\">https:\/\/www.uaic.ro\/en\/international\/international_students\/full-degree-students\/<\/a><\/li>\n<\/ul>\n<p><strong>Cet\u0103\u021benii str\u0103ini \u0219i cet\u0103\u021benii rom\u00e2ni care au studiat \u00een str\u0103in\u0103tate \u00eenscri\u0219i la concursul de admitere\/ admi\u0219i la studii la UAIC pot solicita \u00eenmatricularea \u00een an superior pe baza recunoa\u0219terii unor studii par\u021biale efectuate \u00een str\u0103in\u0103tate<\/strong>, conform OMECTS 3223 din 8 februarie 2012 pentru aprobarea Metodologiei de recunoa\u0219tere a perioadelor de studii efectuate \u00een str\u0103in\u0103tate (<strong><a href=\"https:\/\/international.uaic.ro\/wp-content\/uploads\/2026\/04\/Procedura-operationala-privind-recunoasterea-perioadelor-de-studii-partiale-efectuate-in-strainatate-cu-semnaturi-anonimizate.pdf\">vezi aici procedura opera\u021bional\u0103 privind recunoa\u0219terea perioadelor de studii par\u021biale efectuate \u00een str\u0103in\u0103tate<\/a><\/strong>).<\/p>\n<p>Solicitarea se depune la comisia de admitere\/ la secretarul-\u0219ef al universit\u0103\u021bii, iar <strong>dosarul de recunoa\u0219tere \u0219i echivalare con\u021bine urm\u0103toarele documente:<\/strong><\/p>\n<ol>\n<li><strong>Cerere de \u00eenscriere<\/strong> \u2013 formular tipizat \u2013 disponibil la comisia de admitere pe facultate sau la secretar \u0219ef universitate. Poate fi desc\u0103rcat\u0103 \u0219i aici;<\/li>\n<li><strong>Copia diplomei de bacalaureat<\/strong> ob\u021binut\u0103 \u00een Rom\u00e2nia sau, dup\u0103 caz, atestatul, emis de direc\u021bia de specialitate din cadrul Ministerul Educa\u021biei \u0219i Cercet\u0103rii, de recunoa\u0219tere a diplomei de acces \u00een \u00eenv\u0103\u021b\u0103m\u00e2ntul superior ob\u021binute \u00een str\u0103in\u0103tate\/scrisoarea de acceptare la studii, precum \u0219i originalul diplomei pentru certificarea \u201econform cu originalul\u201d;<\/li>\n<li><strong>Copia diplomei de licen\u021b\u0103 sau master<\/strong> ob\u021binute \u00een Rom\u00e2nia sau, dup\u0103 caz, atestatul, emis de direc\u021bia de specialitate din cadrul Ministerul Educa\u021biei \u0219i Cercet\u0103rii, de recunoa\u0219tere a diplomei de acces la Studii doctorale ob\u021binute \u00een str\u0103in\u0103tate\/scrisoarea de acceptare la studii, precum \u0219i originalul diplomei pentru certificarea \u201econform cu originalul\u201d;<\/li>\n<li><strong>Documentul, apostilat sau supralegalizat<\/strong>, dup\u0103 caz, care atest\u0103 situa\u021bia \u0219colar\u0103 pentru anii de studii absolvi\u021bi, care trebuie s\u0103 con\u021bin\u0103 disciplinele, notele, num\u0103rul de credite\/num\u0103rul de puncte \u0219i num\u0103rul de ore de curs pentru fiecare disciplin\u0103, emis de institu\u021bia de \u00eenv\u0103\u021b\u0103m\u00e2nt superior de la care provine solicitantul, \u0219i traducerea legalizat\u0103 \u00een limba rom\u00e2n\u0103;<\/li>\n<li><strong>Programele analitice<\/strong> pentru disciplinele studiate \u00een institu\u021bia de \u00eenv\u0103\u021b\u0103m\u00e2nt superior de la care provine solicitantul, dup\u0103 caz, \u0219i traducerea legalizat\u0103 \u00een limba rom\u00e2n\u0103;<\/li>\n<li><strong>Certificatul de competen\u021b\u0103 lingvistic\u0103<\/strong> pentru limba de predare \u0219i de examinare, dup\u0103 caz;<\/li>\n<li><strong>Copia certificatului de na\u0219tere \u0219i a actului de identitate<\/strong> sau a pa\u0219aportului \u0219i, dup\u0103 caz, traducerea legalizat\u0103 \u00een limba rom\u00e2n\u0103, precum \u0219i originalul certificatului de na\u0219tere pentru certificarea \u201econform cu originalul\u201d;<\/li>\n<li><strong>Copia certificatului de c\u0103s\u0103torie<\/strong>, \u00een cazul \u00een care numele \u00eenscris pe actele de studii nu coincide cu cel din actul de identitate, \u0219i, dup\u0103 caz, traducerea legalizat\u0103 \u00een limba rom\u00e2n\u0103, precum \u0219i originalul certificatului de na\u0219tere, pentru certificarea \u201econform cu originalul\u201d;<\/li>\n<li><strong>Declara\u021bie pe propria r\u0103spundere<\/strong> c\u0103 studiile efectuate anterior nu au fost \u00eentrerupte ca urmare a exmatricul\u0103rii datorate \u00eenc\u0103lc\u0103rii prevederilor codului de etic\u0103 \u0219i deontologie al universit\u0103\u021bii de provenien\u021b\u0103.<\/li>\n<\/ol>\n<\/div>\t\t\t\t\t\t\t\t<\/div>\n\t\t\t\t<\/div>\n\t\t\t\t\t<\/div>\n\t\t\t\t<\/div>\n\t\t\t\t<\/div>\n\t\t","protected":false},"excerpt":{"rendered":"<p>Admiterea cet\u0103\u021benilor str\u0103ini Admiterea la studii la Universitatea \u201eAlexandru Ioan Cuza\u201d a cet\u0103\u021benilor str\u0103ini se face conform Metodologiei. Cet\u0103\u021benii UE \u0219i cet\u0103\u021benii rom\u00e2ni care au studiat \u00een str\u0103in\u0103tate pot fi admi\u0219i la studii \u00een acelea\u0219i condi\u021bii cu cet\u0103\u021benii rom\u00e2ni, cu <a href=\"https:\/\/international.uaic.ro\/?page_id=2849\"> Read more&#8230;<\/a><\/p>\n","protected":false},"author":1,"featured_media":0,"parent":2847,"menu_order":0,"comment_status":"closed","ping_status":"closed","template":"","meta":{"footnotes":""},"class_list":["post-2849","page","type-page","status-publish","hentry"],"_links":{"self":[{"href":"https:\/\/international.uaic.ro\/index.php?rest_route=\/wp\/v2\/pages\/2849","targetHints":{"allow":["GET"]}}],"collection":[{"href":"https:\/\/international.uaic.ro\/index.php?rest_route=\/wp\/v2\/pages"}],"about":[{"href":"https:\/\/international.uaic.ro\/index.php?rest_route=\/wp\/v2\/types\/page"}],"author":[{"embeddable":true,"href":"https:\/\/international.uaic.ro\/index.php?rest_route=\/wp\/v2\/users\/1"}],"replies":[{"embeddable":true,"href":"https:\/\/international.uaic.ro\/index.php?rest_route=%2Fwp%2Fv2%2Fcomments&post=2849"}],"version-history":[{"count":4,"href":"https:\/\/international.uaic.ro\/index.php?rest_route=\/wp\/v2\/pages\/2849\/revisions"}],"predecessor-version":[{"id":4014,"href":"https:\/\/international.uaic.ro\/index.php?rest_route=\/wp\/v2\/pages\/2849\/revisions\/4014"}],"up":[{"embeddable":true,"href":"https:\/\/international.uaic.ro\/index.php?rest_route=\/wp\/v2\/pages\/2847"}],"wp:attachment":[{"href":"https:\/\/international.uaic.ro\/index.php?rest_route=%2Fwp%2Fv2%2Fmedia&parent=2849"}],"curies":[{"name":"wp","href":"https:\/\/api.w.org\/{rel}","templated":true}]}}