{"id":2823,"date":"2025-05-29T10:06:18","date_gmt":"2025-05-29T07:06:18","guid":{"rendered":"https:\/\/international.uaic.ro\/?page_id=2823"},"modified":"2026-04-03T12:11:29","modified_gmt":"2026-04-03T09:11:29","slug":"erasmus-ue","status":"publish","type":"page","link":"https:\/\/international.uaic.ro\/?page_id=2823","title":{"rendered":"Programul Erasmus+ cu \u021b\u0103rile participante (UE)"},"content":{"rendered":"\t\t<div data-elementor-type=\"wp-page\" data-elementor-id=\"2823\" class=\"elementor elementor-2823\">\n\t\t\t\t<div class=\"elementor-element elementor-element-7d770bc e-flex e-con-boxed e-con e-parent\" data-id=\"7d770bc\" data-element_type=\"container\" data-e-type=\"container\">\n\t\t\t\t\t<div class=\"e-con-inner\">\n\t\t\t\t<div class=\"elementor-element elementor-element-c8fb80b elementor-widget elementor-widget-heading\" data-id=\"c8fb80b\" data-element_type=\"widget\" data-e-type=\"widget\" data-widget_type=\"heading.default\">\n\t\t\t\t<div class=\"elementor-widget-container\">\n\t\t\t\t\t<h2 class=\"elementor-heading-title elementor-size-default\">Programul Eramus+ cu \u021b\u0103rile participante (UE)<\/h2>\t\t\t\t<\/div>\n\t\t\t\t<\/div>\n\t\t\t\t\t<\/div>\n\t\t\t\t<\/div>\n\t\t<div class=\"elementor-element elementor-element-00c1be9 e-grid e-con-boxed e-con e-parent\" data-id=\"00c1be9\" data-element_type=\"container\" data-e-type=\"container\">\n\t\t\t\t\t<div class=\"e-con-inner\">\n\t\t<a class=\"elementor-element elementor-element-1cf657b e-con-full e-flex e-con e-child\" data-id=\"1cf657b\" data-element_type=\"container\" data-e-type=\"container\" data-settings=\"{&quot;background_background&quot;:&quot;classic&quot;}\" href=\"https:\/\/international.uaic.ro\/?page_id=3090\" target=\"_blank\">\n\t\t\t\t<div class=\"elementor-element elementor-element-0a08eb9 elementor-widget elementor-widget-heading\" data-id=\"0a08eb9\" data-element_type=\"widget\" data-e-type=\"widget\" data-widget_type=\"heading.default\">\n\t\t\t\t<div class=\"elementor-widget-container\">\n\t\t\t\t\t<h2 class=\"elementor-heading-title elementor-size-default\">Mobilit\u0103\u021bi de studiu de lung\u0103 durat\u0103<\/h2>\t\t\t\t<\/div>\n\t\t\t\t<\/div>\n\t\t\t\t<\/a>\n\t\t<a class=\"elementor-element elementor-element-1aa5d1c e-con-full e-flex e-con e-child\" data-id=\"1aa5d1c\" data-element_type=\"container\" data-e-type=\"container\" data-settings=\"{&quot;background_background&quot;:&quot;classic&quot;}\" href=\"https:\/\/international.uaic.ro\/?page_id=3215\" target=\"_blank\">\n\t\t\t\t<div class=\"elementor-element elementor-element-b6cef6d elementor-widget elementor-widget-heading\" data-id=\"b6cef6d\" data-element_type=\"widget\" data-e-type=\"widget\" data-widget_type=\"heading.default\">\n\t\t\t\t<div class=\"elementor-widget-container\">\n\t\t\t\t\t<h2 class=\"elementor-heading-title elementor-size-default\">Mobilit\u0103\u021bi de practic\u0103 de lung\u0103 durat\u0103<\/h2>\t\t\t\t<\/div>\n\t\t\t\t<\/div>\n\t\t\t\t<\/a>\n\t\t<a class=\"elementor-element elementor-element-5b13b65 e-con-full e-flex e-con e-child\" data-id=\"5b13b65\" data-element_type=\"container\" data-e-type=\"container\" data-settings=\"{&quot;background_background&quot;:&quot;classic&quot;}\" href=\"https:\/\/international.uaic.ro\/?page_id=3360\" target=\"_blank\">\n\t\t\t\t<div class=\"elementor-element elementor-element-899e370 elementor-widget elementor-widget-heading\" data-id=\"899e370\" data-element_type=\"widget\" data-e-type=\"widget\" data-widget_type=\"heading.default\">\n\t\t\t\t<div class=\"elementor-widget-container\">\n\t\t\t\t\t<h2 class=\"elementor-heading-title elementor-size-default\">Mobilit\u0103\u021bi de studiu\/practic\u0103 de scurt\u0103 durat\u0103<\/h2>\t\t\t\t<\/div>\n\t\t\t\t<\/div>\n\t\t\t\t<\/a>\n\t\t<a class=\"elementor-element elementor-element-efcb301 e-con-full e-flex e-con e-child\" data-id=\"efcb301\" data-element_type=\"container\" data-e-type=\"container\" data-settings=\"{&quot;background_background&quot;:&quot;classic&quot;}\" href=\"https:\/\/international.uaic.ro\/?page_id=3090\" target=\"_blank\">\n\t\t\t\t<div class=\"elementor-element elementor-element-24bb439 elementor-widget elementor-widget-heading\" data-id=\"24bb439\" data-element_type=\"widget\" data-e-type=\"widget\" data-widget_type=\"heading.default\">\n\t\t\t\t<div class=\"elementor-widget-container\">\n\t\t\t\t\t<h2 class=\"elementor-heading-title elementor-size-default\">I.E.S. Erasmus (PEO 2021-2027)<\/h2>\t\t\t\t<\/div>\n\t\t\t\t<\/div>\n\t\t\t\t<\/a>\n\t\t<a class=\"elementor-element elementor-element-026efce e-con-full e-flex e-con e-child\" data-id=\"026efce\" data-element_type=\"container\" data-e-type=\"container\" data-settings=\"{&quot;background_background&quot;:&quot;classic&quot;}\" href=\"https:\/\/international.uaic.ro\/?page_id=3400\" target=\"_blank\">\n\t\t\t\t<div class=\"elementor-element elementor-element-44789fc elementor-widget elementor-widget-heading\" data-id=\"44789fc\" data-element_type=\"widget\" data-e-type=\"widget\" data-widget_type=\"heading.default\">\n\t\t\t\t<div class=\"elementor-widget-container\">\n\t\t\t\t\t<h2 class=\"elementor-heading-title elementor-size-default\">Programe intensive mixte (BIP)<\/h2>\t\t\t\t<\/div>\n\t\t\t\t<\/div>\n\t\t\t\t<\/a>\n\t\t<a class=\"elementor-element elementor-element-4db65ac e-con-full e-flex e-con e-child\" data-id=\"4db65ac\" data-element_type=\"container\" data-e-type=\"container\" data-settings=\"{&quot;background_background&quot;:&quot;classic&quot;}\" href=\"https:\/\/international.uaic.ro\/?page_id=3411\" target=\"_blank\">\n\t\t\t\t<div class=\"elementor-element elementor-element-2161c48 elementor-widget elementor-widget-heading\" data-id=\"2161c48\" data-element_type=\"widget\" data-e-type=\"widget\" data-widget_type=\"heading.default\">\n\t\t\t\t<div class=\"elementor-widget-container\">\n\t\t\t\t\t<h2 class=\"elementor-heading-title elementor-size-default\">Personal Predare<\/h2>\t\t\t\t<\/div>\n\t\t\t\t<\/div>\n\t\t\t\t<\/a>\n\t\t<a class=\"elementor-element elementor-element-fa7591e e-con-full e-flex e-con e-child\" data-id=\"fa7591e\" data-element_type=\"container\" data-e-type=\"container\" data-settings=\"{&quot;background_background&quot;:&quot;classic&quot;}\" href=\"https:\/\/international.uaic.ro\/?page_id=3449\" target=\"_blank\">\n\t\t\t\t<div class=\"elementor-element elementor-element-e1b9426 elementor-widget elementor-widget-heading\" data-id=\"e1b9426\" data-element_type=\"widget\" data-e-type=\"widget\" data-widget_type=\"heading.default\">\n\t\t\t\t<div class=\"elementor-widget-container\">\n\t\t\t\t\t<h2 class=\"elementor-heading-title elementor-size-default\">Personal Formare<\/h2>\t\t\t\t<\/div>\n\t\t\t\t<\/div>\n\t\t\t\t<\/a>\n\t\t<a class=\"elementor-element elementor-element-7f7259a e-con-full e-flex e-con e-child\" data-id=\"7f7259a\" data-element_type=\"container\" data-e-type=\"container\" data-settings=\"{&quot;background_background&quot;:&quot;classic&quot;}\" href=\"https:\/\/international.uaic.ro\/?page_id=3440\" target=\"_blank\">\n\t\t\t\t<div class=\"elementor-element elementor-element-fbe5936 elementor-widget elementor-widget-heading\" data-id=\"fbe5936\" data-element_type=\"widget\" data-e-type=\"widget\" data-widget_type=\"heading.default\">\n\t\t\t\t<div class=\"elementor-widget-container\">\n\t\t\t\t\t<h2 class=\"elementor-heading-title elementor-size-default\">Mobilit\u0103\u021bi predare Incoming pentru personal invitat din companii<\/h2>\t\t\t\t<\/div>\n\t\t\t\t<\/div>\n\t\t\t\t<\/a>\n\t\t\t\t\t<\/div>\n\t\t\t\t<\/div>\n\t\t<div class=\"elementor-element elementor-element-b5877bc e-flex e-con-boxed e-con e-parent\" data-id=\"b5877bc\" data-element_type=\"container\" data-e-type=\"container\">\n\t\t\t\t\t<div class=\"e-con-inner\">\n\t\t\t\t<div class=\"elementor-element elementor-element-4aedd14 elementor-widget elementor-widget-text-editor\" data-id=\"4aedd14\" data-element_type=\"widget\" data-e-type=\"widget\" data-widget_type=\"text-editor.default\">\n\t\t\t\t<div class=\"elementor-widget-container\">\n\t\t\t\t\t\t\t\t\t<ul><li><h5><strong><a href=\"https:\/\/www.uaic.ro\/international\/programul-erasmus\/38892-2\/\">Institutii partenere Erasmus KA131 (acorduri_bilaterale UE)<\/a><\/strong><\/h5><\/li><li><h5><a href=\"https:\/\/www.uaic.ro\/wp-content\/uploads\/2025\/10\/SREI-Regulament-Erasmus-KA131_revizie-2025.pdf\"><strong>Regulament UAIC privind selec\u0163ia \u015fi organizarea mobilit\u0103\u0163ilor \u00een cadrul Programului ERASMUS+ KA131 &#8211; HED\u00a0<\/strong><\/a><\/h5><\/li><li><h5><strong>Carta Universitar\u0103 Erasmus+ UAIC 2021-2027(<a href=\"http:\/\/www.uaic.ro\/wp-content\/uploads\/2021\/03\/carta.pdf\">EN<\/a>\u00a0\/\u00a0<a href=\"http:\/\/www.uaic.ro\/wp-content\/uploads\/2021\/07\/CARTA-ERASMUS-RO.pdf\">RO<\/a>)\u00a0<\/strong><\/h5><ul><li><h5>UAIC Erasmus Code:\u00a0<strong>RO IASI02<\/strong><\/h5><\/li><li><h5>UAIC PIC number:\u00a0<strong>999887738<\/strong><\/h5><\/li><li><h5>UAIC OID number:\u00a0<strong>E10209044<\/strong><\/h5><\/li><\/ul><\/li><li><h5><a href=\"http:\/\/www.uaic.ro\/wp-content\/uploads\/2021\/03\/Erasmus-Policy-Statement-2021.pdf\"><strong>Erasmus Policy Statement UAIC<\/strong><\/a><\/h5><\/li><li><h5>Componen\u0163a\u00a0<strong><a href=\"http:\/\/www.uaic.ro\/international\/departamentul-de-relatii-internationale\/\" target=\"_blank\" rel=\"noopener noreferrer\">Compartimentului ERASMUS+ al UAIC<\/a><\/strong><\/h5><\/li><li><h5><strong><a href=\"https:\/\/www.uaic.ro\/wp-content\/uploads\/2025\/11\/Centralizator-coordonatori-Erasmus-SMS-SMP-STA_noiembrie-2025.pdf\">Coordonatori Erasmus+<\/a><\/strong><\/h5><\/li><\/ul>\t\t\t\t\t\t\t\t<\/div>\n\t\t\t\t<\/div>\n\t\t\t\t\t<\/div>\n\t\t\t\t<\/div>\n\t\t<div class=\"elementor-element elementor-element-ec5f0d3 e-flex e-con-boxed e-con e-parent\" data-id=\"ec5f0d3\" data-element_type=\"container\" data-e-type=\"container\" data-settings=\"{&quot;background_background&quot;:&quot;classic&quot;}\">\n\t\t\t\t\t<div class=\"e-con-inner\">\n\t\t\t\t<div class=\"elementor-element elementor-element-068761b elementor-widget elementor-widget-text-editor\" data-id=\"068761b\" data-element_type=\"widget\" data-e-type=\"widget\" data-widget_type=\"text-editor.default\">\n\t\t\t\t<div class=\"elementor-widget-container\">\n\t\t\t\t\t\t\t\t\t<h3 class=\"fusion-responsive-typography-calculated\" data-fontsize=\"16\" data-lineheight=\"24px\"><strong>CONTACT<\/strong><\/h3><p>Serviciul Rela\u0163ii Interna\u0163ionale<br \/>Universitatea \u201cAlexandru Ioan Cuza\u201d din Ia\u015fi<br \/>Bulevardul Carol I nr.11<br \/>700506 \u2013 IASI \/ ROMANIA<br \/><strong>Fax<\/strong>: 0232 20 1802<\/p><p><strong>Email<\/strong>: relint(at)uaic.ro<\/p>\t\t\t\t\t\t\t\t<\/div>\n\t\t\t\t<\/div>\n\t\t<div class=\"elementor-element elementor-element-2e99925 e-con-full e-flex e-con e-child\" data-id=\"2e99925\" data-element_type=\"container\" data-e-type=\"container\" data-settings=\"{&quot;background_background&quot;:&quot;classic&quot;}\">\n\t\t\t\t<div class=\"elementor-element elementor-element-e704d9a elementor-widget elementor-widget-image\" data-id=\"e704d9a\" data-element_type=\"widget\" data-e-type=\"widget\" data-widget_type=\"image.default\">\n\t\t\t\t<div class=\"elementor-widget-container\">\n\t\t\t\t\t\t\t\t\t\t\t\t\t\t\t<img fetchpriority=\"high\" decoding=\"async\" width=\"730\" height=\"164\" src=\"https:\/\/international.uaic.ro\/wp-content\/uploads\/2026\/02\/RO_FundedbytheEU_RGB_Monochrome-1024x230.webp\" class=\"attachment-large size-large wp-image-3093 has-transparency\" alt=\"\" srcset=\"https:\/\/international.uaic.ro\/wp-content\/uploads\/2026\/02\/RO_FundedbytheEU_RGB_Monochrome-1024x230.webp 1024w, https:\/\/international.uaic.ro\/wp-content\/uploads\/2026\/02\/RO_FundedbytheEU_RGB_Monochrome-300x67.webp 300w, https:\/\/international.uaic.ro\/wp-content\/uploads\/2026\/02\/RO_FundedbytheEU_RGB_Monochrome-768x173.webp 768w, https:\/\/international.uaic.ro\/wp-content\/uploads\/2026\/02\/RO_FundedbytheEU_RGB_Monochrome-1536x345.webp 1536w, https:\/\/international.uaic.ro\/wp-content\/uploads\/2026\/02\/RO_FundedbytheEU_RGB_Monochrome-2048x460.webp 2048w\" sizes=\"(max-width: 730px) 100vw, 730px\" data-has-transparency=\"true\" data-dominant-color=\"00339b\" style=\"--dominant-color: #00339b\" \/>\t\t\t\t\t\t\t\t\t\t\t\t\t\t\t<\/div>\n\t\t\t\t<\/div>\n\t\t\t\t<div class=\"elementor-element elementor-element-91a1779 elementor-widget elementor-widget-text-editor\" data-id=\"91a1779\" data-element_type=\"widget\" data-e-type=\"widget\" data-widget_type=\"text-editor.default\">\n\t\t\t\t<div class=\"elementor-widget-container\">\n\t\t\t\t\t\t\t\t\t<p>Con\u0163inutul prezentului material reprezint\u0103 responsabilitatea exclusiv\u0103 a autorilor, iar Agen\u0163ia Na\u0163ional\u0103 \u015fi Comisia European\u0103 nu sunt responsabile pentru modul \u00een care va fi folosit con\u0163inutul informa\u0163iei.<\/p>\t\t\t\t\t\t\t\t<\/div>\n\t\t\t\t<\/div>\n\t\t\t\t<\/div>\n\t\t\t\t\t<\/div>\n\t\t\t\t<\/div>\n\t\t<div class=\"elementor-element elementor-element-e1fd54f e-flex e-con-boxed e-con e-parent\" data-id=\"e1fd54f\" data-element_type=\"container\" data-e-type=\"container\">\n\t\t\t\t\t<div class=\"e-con-inner\">\n\t\t\t\t\t<\/div>\n\t\t\t\t<\/div>\n\t\t\t\t<\/div>\n\t\t","protected":false},"excerpt":{"rendered":"<p>Programul Eramus+ cu \u021b\u0103rile participante (UE) Mobilit\u0103\u021bi de studiu de lung\u0103 durat\u0103 Mobilit\u0103\u021bi de practic\u0103 de lung\u0103 durat\u0103 Mobilit\u0103\u021bi de studiu\/practic\u0103 de scurt\u0103 durat\u0103 I.E.S. Erasmus (PEO 2021-2027) Programe intensive mixte (BIP) Personal Predare Personal Formare Mobilit\u0103\u021bi predare Incoming pentru <a href=\"https:\/\/international.uaic.ro\/?page_id=2823\"> Read more&#8230;<\/a><\/p>\n","protected":false},"author":1,"featured_media":0,"parent":2821,"menu_order":0,"comment_status":"closed","ping_status":"closed","template":"","meta":{"footnotes":""},"class_list":["post-2823","page","type-page","status-publish","hentry"],"_links":{"self":[{"href":"https:\/\/international.uaic.ro\/index.php?rest_route=\/wp\/v2\/pages\/2823","targetHints":{"allow":["GET"]}}],"collection":[{"href":"https:\/\/international.uaic.ro\/index.php?rest_route=\/wp\/v2\/pages"}],"about":[{"href":"https:\/\/international.uaic.ro\/index.php?rest_route=\/wp\/v2\/types\/page"}],"author":[{"embeddable":true,"href":"https:\/\/international.uaic.ro\/index.php?rest_route=\/wp\/v2\/users\/1"}],"replies":[{"embeddable":true,"href":"https:\/\/international.uaic.ro\/index.php?rest_route=%2Fwp%2Fv2%2Fcomments&post=2823"}],"version-history":[{"count":53,"href":"https:\/\/international.uaic.ro\/index.php?rest_route=\/wp\/v2\/pages\/2823\/revisions"}],"predecessor-version":[{"id":3453,"href":"https:\/\/international.uaic.ro\/index.php?rest_route=\/wp\/v2\/pages\/2823\/revisions\/3453"}],"up":[{"embeddable":true,"href":"https:\/\/international.uaic.ro\/index.php?rest_route=\/wp\/v2\/pages\/2821"}],"wp:attachment":[{"href":"https:\/\/international.uaic.ro\/index.php?rest_route=%2Fwp%2Fv2%2Fmedia&parent=2823"}],"curies":[{"name":"wp","href":"https:\/\/api.w.org\/{rel}","templated":true}]}}